{"id":6764,"date":"2024-02-23T15:21:20","date_gmt":"2024-02-23T15:21:20","guid":{"rendered":"https:\/\/hfort.com.br\/?page_id=6764"},"modified":"2026-04-06T12:15:03","modified_gmt":"2026-04-06T12:15:03","slug":"assistencia-tecnica","status":"publish","type":"page","link":"https:\/\/hfort.com.br\/en\/assistencia-tecnica\/","title":{"rendered":"Assist\u00eancia T\u00e9cnica"},"content":{"rendered":"<div data-elementor-type=\"wp-page\" data-elementor-id=\"6764\" class=\"elementor elementor-6764\" data-elementor-post-type=\"page\">\n\t\t\t\t\t\t<section class=\"elementor-section elementor-top-section elementor-element elementor-element-2cf4bf8 elementor-section-full_width scheme_dark elementor-section-height-default elementor-section-height-default sc_fly_static\" data-id=\"2cf4bf8\" data-element_type=\"section\" data-settings=\"{&quot;background_background&quot;:&quot;classic&quot;}\">\n\t\t\t\t\t\t<div class=\"elementor-container elementor-column-gap-extended\">\n\t\t\t\t\t<div class=\"elementor-column elementor-col-100 elementor-top-column elementor-element elementor-element-2027369 sc_inner_width_none sc_content_align_inherit sc_layouts_column_icons_position_left sc_fly_static\" data-id=\"2027369\" data-element_type=\"column\">\n\t\t\t<div class=\"elementor-widget-wrap elementor-element-populated\">\n\t\t\t\t\t\t<div class=\"elementor-element elementor-element-d3e8db7 sc_fly_static elementor-widget elementor-widget-spacer\" data-id=\"d3e8db7\" data-element_type=\"widget\" data-widget_type=\"spacer.default\">\n\t\t\t\t<div class=\"elementor-widget-container\">\n\t\t\t<style>\/*! elementor - v3.19.0 - 07-02-2024 *\/\n.elementor-column .elementor-spacer-inner{height:var(--spacer-size)}.e-con{--container-widget-width:100%}.e-con-inner>.elementor-widget-spacer,.e-con>.elementor-widget-spacer{width:var(--container-widget-width,var(--spacer-size));--align-self:var(--container-widget-align-self,initial);--flex-shrink:0}.e-con-inner>.elementor-widget-spacer>.elementor-widget-container,.e-con>.elementor-widget-spacer>.elementor-widget-container{height:100%;width:100%}.e-con-inner>.elementor-widget-spacer>.elementor-widget-container>.elementor-spacer,.e-con>.elementor-widget-spacer>.elementor-widget-container>.elementor-spacer{height:100%}.e-con-inner>.elementor-widget-spacer>.elementor-widget-container>.elementor-spacer>.elementor-spacer-inner,.e-con>.elementor-widget-spacer>.elementor-widget-container>.elementor-spacer>.elementor-spacer-inner{height:var(--container-widget-height,var(--spacer-size))}.e-con-inner>.elementor-widget-spacer.elementor-widget-empty,.e-con>.elementor-widget-spacer.elementor-widget-empty{position:relative;min-height:22px;min-width:22px}.e-con-inner>.elementor-widget-spacer.elementor-widget-empty .elementor-widget-empty-icon,.e-con>.elementor-widget-spacer.elementor-widget-empty .elementor-widget-empty-icon{position:absolute;top:0;bottom:0;left:0;right:0;margin:auto;padding:0;width:22px;height:22px}<\/style>\t\t<div class=\"elementor-spacer\">\n\t\t\t<div class=\"elementor-spacer-inner\"><\/div>\n\t\t<\/div>\n\t\t\t\t<\/div>\n\t\t\t\t<\/div>\n\t\t\t\t<section class=\"elementor-section elementor-inner-section elementor-element elementor-element-21b7b8a elementor-section-full_width elementor-section-height-default elementor-section-height-default sc_fly_static\" data-id=\"21b7b8a\" data-element_type=\"section\">\n\t\t\t\t\t\t<div class=\"elementor-container elementor-column-gap-extended\">\n\t\t\t\t\t<div class=\"elementor-column elementor-col-50 elementor-inner-column elementor-element elementor-element-d829680 sc_inner_width_none sc_content_align_inherit sc_layouts_column_icons_position_left animation_type_block sc_fly_static elementor-invisible\" data-id=\"d829680\" data-element_type=\"column\" data-settings=\"{&quot;background_background&quot;:&quot;classic&quot;,&quot;animation&quot;:&quot;fabrica-fadeinup&quot;}\">\n\t\t\t<div class=\"elementor-widget-wrap elementor-element-populated\">\n\t\t\t\t\t\t<div class=\"elementor-element elementor-element-71e4f11 sc_fly_static elementor-widget elementor-widget-spacer\" data-id=\"71e4f11\" data-element_type=\"widget\" data-widget_type=\"spacer.default\">\n\t\t\t\t<div class=\"elementor-widget-container\">\n\t\t\t\t\t<div class=\"elementor-spacer\">\n\t\t\t<div class=\"elementor-spacer-inner\"><\/div>\n\t\t<\/div>\n\t\t\t\t<\/div>\n\t\t\t\t<\/div>\n\t\t\t\t<div class=\"elementor-element elementor-element-fc992ca sc_fly_static elementor-widget elementor-widget-html\" data-id=\"fc992ca\" data-element_type=\"widget\" data-widget_type=\"html.default\">\n\t\t\t\t<div class=\"elementor-widget-container\">\n\t\t\t<iframe src=\"https:\/\/www.google.com\/maps\/d\/embed?mid=1v1b-q58ZQ5k5Ad1kREGUFHUMedBA6os&ehbc=2E312F\" width=\"900\" height=\"650\"><\/iframe>\t\t<\/div>\n\t\t\t\t<\/div>\n\t\t\t\t\t<\/div>\n\t\t<\/div>\n\t\t\t\t<div class=\"elementor-column elementor-col-50 elementor-inner-column elementor-element elementor-element-6e9cd65 sc_inner_width_none sc_content_align_inherit sc_layouts_column_icons_position_left sc_fly_static\" data-id=\"6e9cd65\" data-element_type=\"column\">\n\t\t\t<div class=\"elementor-widget-wrap elementor-element-populated\">\n\t\t\t\t\t\t<div class=\"elementor-element elementor-element-8614f35 sc_layouts_hide_on_tablet sc_fly_static elementor-widget elementor-widget-spacer\" data-id=\"8614f35\" data-element_type=\"widget\" data-widget_type=\"spacer.default\">\n\t\t\t\t<div class=\"elementor-widget-container\">\n\t\t\t\t\t<div class=\"elementor-spacer\">\n\t\t\t<div class=\"elementor-spacer-inner\"><\/div>\n\t\t<\/div>\n\t\t\t\t<\/div>\n\t\t\t\t<\/div>\n\t\t\t\t<div class=\"elementor-element elementor-element-9a0fe22 animation_type_block sc_fly_static elementor-invisible elementor-widget elementor-widget-trx_sc_title\" data-id=\"9a0fe22\" data-element_type=\"widget\" data-settings=\"{&quot;_animation&quot;:&quot;fabrica-fadeinright&quot;,&quot;_animation_delay&quot;:100}\" data-widget_type=\"trx_sc_title.default\">\n\t\t\t\t<div class=\"elementor-widget-container\">\n\t\t\t<div\t\tclass=\"sc_title sc_title_default\" ><h1 class=\"sc_item_title sc_title_title sc_item_title_style_default sc_item_title_tag\"\n\t\t\t><span class=\"sc_item_title_text\">MAS is HFORT\u2019s technical support<\/span><\/h1><\/div>\t\t<\/div>\n\t\t\t\t<\/div>\n\t\t\t\t<div class=\"elementor-element elementor-element-c76149d sc_fly_static elementor-widget elementor-widget-spacer\" data-id=\"c76149d\" data-element_type=\"widget\" data-widget_type=\"spacer.default\">\n\t\t\t\t<div class=\"elementor-widget-container\">\n\t\t\t\t\t<div class=\"elementor-spacer\">\n\t\t\t<div class=\"elementor-spacer-inner\"><\/div>\n\t\t<\/div>\n\t\t\t\t<\/div>\n\t\t\t\t<\/div>\n\t\t\t\t<div class=\"elementor-element elementor-element-4cfaf89 animation_type_block sc_fly_static elementor-invisible elementor-widget elementor-widget-text-editor\" data-id=\"4cfaf89\" data-element_type=\"widget\" data-settings=\"{&quot;_animation&quot;:&quot;fabrica-fadeinright&quot;,&quot;_animation_delay&quot;:200}\" data-widget_type=\"text-editor.default\">\n\t\t\t\t<div class=\"elementor-widget-container\">\n\t\t\t<style>\/*! elementor - v3.19.0 - 07-02-2024 *\/\n.elementor-widget-text-editor.elementor-drop-cap-view-stacked .elementor-drop-cap{background-color:#69727d;color:#fff}.elementor-widget-text-editor.elementor-drop-cap-view-framed .elementor-drop-cap{color:#69727d;border:3px solid;background-color:transparent}.elementor-widget-text-editor:not(.elementor-drop-cap-view-default) .elementor-drop-cap{margin-top:8px}.elementor-widget-text-editor:not(.elementor-drop-cap-view-default) .elementor-drop-cap-letter{width:1em;height:1em}.elementor-widget-text-editor .elementor-drop-cap{float:left;text-align:center;line-height:1;font-size:50px}.elementor-widget-text-editor .elementor-drop-cap-letter{display:inline-block}<\/style>\t\t\t\t<p class=\"p1\" align=\"justify\">Specialized in HFORT equipment, the <span class=\"s1\">MAS<\/span> branches are responsible for all after-sales service and technical support to HFORT customers, ensuring that all procedures are carried out to the same quality standard as the factory.<\/p><p class=\"p1\">With branches spread across different regions of Brazil, <span class=\"s1\">MAS<\/span> is a fundamental part of HFORT. In addition to providing further information, monitoring after-sales, and resolving any technical problems, this network is a reference in parts, assembly, assistance and services.<\/p><p>WHENEVER AND WHEREVER YOU NEED IT, OUR GOAL IS TO MAKE YOUR WORK ROUTINE EASIER WITH SPECIALIZED SERVICES AND NEW TECHNOLOGIES.<\/p>\t\t\t\t\t\t<\/div>\n\t\t\t\t<\/div>\n\t\t\t\t<div class=\"elementor-element elementor-element-7f80bd8 sc_layouts_hide_on_tablet sc_layouts_hide_on_mobile sc_fly_static elementor-widget elementor-widget-spacer\" data-id=\"7f80bd8\" data-element_type=\"widget\" data-widget_type=\"spacer.default\">\n\t\t\t\t<div class=\"elementor-widget-container\">\n\t\t\t\t\t<div class=\"elementor-spacer\">\n\t\t\t<div class=\"elementor-spacer-inner\"><\/div>\n\t\t<\/div>\n\t\t\t\t<\/div>\n\t\t\t\t<\/div>\n\t\t\t\t<div class=\"elementor-element elementor-element-b1191e3 sc_fly_static elementor-widget elementor-widget-image\" data-id=\"b1191e3\" data-element_type=\"widget\" data-widget_type=\"image.default\">\n\t\t\t\t<div class=\"elementor-widget-container\">\n\t\t\t<style>\/*! elementor - v3.19.0 - 07-02-2024 *\/\n.elementor-widget-image{text-align:center}.elementor-widget-image a{display:inline-block}.elementor-widget-image a img[src$=\".svg\"]{width:48px}.elementor-widget-image img{vertical-align:middle;display:inline-block}<\/style>\t\t\t\t\t\t\t\t\t\t<img fetchpriority=\"high\" decoding=\"async\" width=\"2231\" height=\"877\" src=\"https:\/\/hfort.com.br\/wp-content\/uploads\/2023\/01\/MAS-logo-branca.png\" class=\"attachment-full size-full wp-image-6618\" alt=\"\" srcset=\"https:\/\/hfort.com.br\/wp-content\/uploads\/2023\/01\/MAS-logo-branca.png 2231w, https:\/\/hfort.com.br\/wp-content\/uploads\/2023\/01\/MAS-logo-branca-300x118.png 300w, https:\/\/hfort.com.br\/wp-content\/uploads\/2023\/01\/MAS-logo-branca-1024x403.png 1024w, https:\/\/hfort.com.br\/wp-content\/uploads\/2023\/01\/MAS-logo-branca-768x302.png 768w, https:\/\/hfort.com.br\/wp-content\/uploads\/2023\/01\/MAS-logo-branca-1536x604.png 1536w, https:\/\/hfort.com.br\/wp-content\/uploads\/2023\/01\/MAS-logo-branca-2048x805.png 2048w, https:\/\/hfort.com.br\/wp-content\/uploads\/2023\/01\/MAS-logo-branca-370x145.png 370w, https:\/\/hfort.com.br\/wp-content\/uploads\/2023\/01\/MAS-logo-branca-840x330.png 840w, https:\/\/hfort.com.br\/wp-content\/uploads\/2023\/01\/MAS-logo-branca-410x161.png 410w, https:\/\/hfort.com.br\/wp-content\/uploads\/2023\/01\/MAS-logo-branca-600x236.png 600w\" sizes=\"(max-width: 2231px) 100vw, 2231px\" \/>\t\t\t\t\t\t\t\t\t\t\t\t\t<\/div>\n\t\t\t\t<\/div>\n\t\t\t\t\t<\/div>\n\t\t<\/div>\n\t\t\t\t\t<\/div>\n\t\t<\/section>\n\t\t\t\t\t<\/div>\n\t\t<\/div>\n\t\t\t\t\t<\/div>\n\t\t<\/section>\n\t\t\t\t<section class=\"elementor-section elementor-top-section elementor-element elementor-element-db1eb45 elementor-section-content-middle elementor-reverse-mobile elementor-section-boxed elementor-section-height-default elementor-section-height-default sc_fly_static\" data-id=\"db1eb45\" data-element_type=\"section\" data-settings=\"{&quot;background_background&quot;:&quot;classic&quot;}\">\n\t\t\t\t\t\t<div class=\"elementor-container elementor-column-gap-extended\">\n\t\t\t\t\t<div class=\"elementor-column elementor-col-50 elementor-top-column elementor-element elementor-element-4420e98 sc_inner_width_none sc_content_align_inherit sc_layouts_column_icons_position_left sc_fly_static\" data-id=\"4420e98\" data-element_type=\"column\">\n\t\t\t<div class=\"elementor-widget-wrap elementor-element-populated\">\n\t\t\t\t\t\t<div class=\"elementor-element elementor-element-f3e5d2d sc_height_huge sc_fly_static elementor-widget elementor-widget-spacer\" data-id=\"f3e5d2d\" data-element_type=\"widget\" data-widget_type=\"spacer.default\">\n\t\t\t\t<div class=\"elementor-widget-container\">\n\t\t\t\t\t<div class=\"elementor-spacer\">\n\t\t\t<div class=\"elementor-spacer-inner\"><\/div>\n\t\t<\/div>\n\t\t\t\t<\/div>\n\t\t\t\t<\/div>\n\t\t\t\t<div class=\"elementor-element elementor-element-305e7b0 sc_fly_static elementor-widget elementor-widget-trx_sc_title\" data-id=\"305e7b0\" data-element_type=\"widget\" data-widget_type=\"trx_sc_title.default\">\n\t\t\t\t<div class=\"elementor-widget-container\">\n\t\t\t<div\t\tclass=\"sc_title sc_title_default\" ><h1 class=\"sc_item_title sc_title_title sc_item_title_style_default sc_item_title_tag\"\n\t\t\t><span class=\"sc_item_title_text\">CHOOSE ORIGINAL HFORT QUALITY\n<\/span><\/h1><div class=\"sc_item_descr sc_title_descr\"><p>Do you need to replace or repair any component of your HFORT equipment? Invest in original pieces! This will ensure that your machine continues to operate at full capacity, in addition to preventing damage caused by incompatible parts.<\/p>\n<p><!--Confira nosso cat\u00e1logo de pe\u00e7as e, se precisar, entre em contato com a unidade MAS mais pr\u00f3xima de voc\u00ea e solicite assist\u00eancia de nossa equipe especializada!--><\/p>\n<\/div><\/div>\t\t<\/div>\n\t\t\t\t<\/div>\n\t\t\t\t<div class=\"elementor-element elementor-element-1d195db sc_height_huge sc_fly_static elementor-widget elementor-widget-spacer\" data-id=\"1d195db\" data-element_type=\"widget\" data-widget_type=\"spacer.default\">\n\t\t\t\t<div class=\"elementor-widget-container\">\n\t\t\t\t\t<div class=\"elementor-spacer\">\n\t\t\t<div class=\"elementor-spacer-inner\"><\/div>\n\t\t<\/div>\n\t\t\t\t<\/div>\n\t\t\t\t<\/div>\n\t\t\t\t\t<\/div>\n\t\t<\/div>\n\t\t\t\t<div class=\"elementor-column elementor-col-50 elementor-top-column elementor-element elementor-element-35e6103 sc_inner_width_none sc_content_align_inherit sc_layouts_column_icons_position_left sc_fly_static\" data-id=\"35e6103\" data-element_type=\"column\">\n\t\t\t<div class=\"elementor-widget-wrap elementor-element-populated\">\n\t\t\t\t\t\t<div class=\"elementor-element elementor-element-c02c51d scheme_dark_eco animation_type_sequental sc_fly_static elementor-invisible elementor-widget elementor-widget-trx_sc_hotspot\" data-id=\"c02c51d\" data-element_type=\"widget\" data-settings=\"{&quot;_animation&quot;:&quot;fabrica-fadeinup&quot;}\" data-widget_type=\"trx_sc_hotspot.default\">\n\t\t\t\t<div class=\"elementor-widget-container\">\n\t\t\t<div  \n\t\t\tclass=\"sc_hotspot sc_hotspot_default\" ><div class=\"sc_hotspot_content sc_item_content\" ><img decoding=\"async\" src=\"\/\/hfort.com.br\/wp-content\/uploads\/2024\/02\/peca-engrenagem-1.png\" class=\"sc_hotspot_image\" alt=\"Hotspot image\" width=\"1500\" height=\"2000\" \/><div class=\"sc_hotspot_item sc_hotspot_item_symbol_none sc_hotspot_item_open_hover sc_hotspot_item_visible_always\"\n\t\t\t\t\t\t\tstyle=\"left:45%;top:78%;\"\n\t\t\t\t\t\t\ttabindex=\"-1\" >\n\t\t\t\t\t\t<span class=\"sc_hotspot_item_sonar\" style=\"background-color: #1FA713\"><\/span>\n\t\t\t\t\t\t<span class=\"sc_hotspot_item_icon sc_hotspot_item_icon_type_none\" style=\"background-color:#1FA713;\"><span class=\"sc_icon_type_none\"><\/span><\/span>\n\t\t\t\t\t\t<div class=\"sc_hotspot_item_popup sc_hotspot_item_popup_tc sc_hotspot_item_popup_align_center\"><h6 class=\"sc_hotspot_item_subtitle\"><span>Dur\u00e1vel<\/span><\/h6><\/div>\n\n\t\t\t\t\t<\/div><div class=\"sc_hotspot_item sc_hotspot_item_symbol_none sc_hotspot_item_open_hover sc_hotspot_item_visible_always\"\n\t\t\t\t\t\t\tstyle=\"left:36.2%;top:35.6%;\"\n\t\t\t\t\t\t\ttabindex=\"-1\" >\n\t\t\t\t\t\t<span class=\"sc_hotspot_item_sonar\" style=\"background-color: #1FA713\"><\/span>\n\t\t\t\t\t\t<span class=\"sc_hotspot_item_icon sc_hotspot_item_icon_type_none\" style=\"background-color:#1FA713;\"><span class=\"sc_icon_type_none\"><\/span><\/span>\n\t\t\t\t\t\t<div class=\"sc_hotspot_item_popup sc_hotspot_item_popup_tc sc_hotspot_item_popup_align_center\"><h6 class=\"sc_hotspot_item_subtitle\"><span>Robusto<\/span><\/h6><\/div>\n\n\t\t\t\t\t<\/div><div class=\"sc_hotspot_item sc_hotspot_item_symbol_none sc_hotspot_item_open_hover sc_hotspot_item_visible_always\"\n\t\t\t\t\t\t\tstyle=\"left:46.5%;top:14.4%;\"\n\t\t\t\t\t\t\ttabindex=\"-1\" >\n\t\t\t\t\t\t<span class=\"sc_hotspot_item_sonar\" style=\"background-color: #1FA713\"><\/span>\n\t\t\t\t\t\t<span class=\"sc_hotspot_item_icon sc_hotspot_item_icon_type_none\" style=\"background-color:#1FA713;\"><span class=\"sc_icon_type_none\"><\/span><\/span>\n\t\t\t\t\t\t<div class=\"sc_hotspot_item_popup sc_hotspot_item_popup_tc sc_hotspot_item_popup_align_center\"><h6 class=\"sc_hotspot_item_subtitle\"><span>Confi\u00e1vel<\/span><\/h6><\/div>\n\n\t\t\t\t\t<\/div><\/div><\/div>\t\t<\/div>\n\t\t\t\t<\/div>\n\t\t\t\t\t<\/div>\n\t\t<\/div>\n\t\t\t\t\t<\/div>\n\t\t<\/section>\n\t\t\t\t<\/div>","protected":false},"excerpt":{"rendered":"<p>MAS \u00c9 A ASSIST\u00caNCIA T\u00c9CNICA DA HFORT Especializadas em equipamentos HFORT, as unidades MAS s\u00e3o respons\u00e1veis por todo atendimento e suporte p\u00f3s-vendas aos clientes da HFORT, garantindo que todos os&hellip;<\/p>","protected":false},"author":1,"featured_media":0,"parent":0,"menu_order":0,"comment_status":"closed","ping_status":"closed","template":"","meta":{"footnotes":""},"_links":{"self":[{"href":"https:\/\/hfort.com.br\/en\/wp-json\/wp\/v2\/pages\/6764"}],"collection":[{"href":"https:\/\/hfort.com.br\/en\/wp-json\/wp\/v2\/pages"}],"about":[{"href":"https:\/\/hfort.com.br\/en\/wp-json\/wp\/v2\/types\/page"}],"author":[{"embeddable":true,"href":"https:\/\/hfort.com.br\/en\/wp-json\/wp\/v2\/users\/1"}],"replies":[{"embeddable":true,"href":"https:\/\/hfort.com.br\/en\/wp-json\/wp\/v2\/comments?post=6764"}],"version-history":[{"count":163,"href":"https:\/\/hfort.com.br\/en\/wp-json\/wp\/v2\/pages\/6764\/revisions"}],"predecessor-version":[{"id":8581,"href":"https:\/\/hfort.com.br\/en\/wp-json\/wp\/v2\/pages\/6764\/revisions\/8581"}],"wp:attachment":[{"href":"https:\/\/hfort.com.br\/en\/wp-json\/wp\/v2\/media?parent=6764"}],"curies":[{"name":"wp","href":"https:\/\/api.w.org\/{rel}","templated":true}]}}